{"id":45,"date":"2021-09-17T08:46:37","date_gmt":"2021-09-17T05:46:37","guid":{"rendered":"https:\/\/medialjob.com\/?page_id=45"},"modified":"2025-08-05T11:46:17","modified_gmt":"2025-08-05T09:46:17","slug":"cookies","status":"publish","type":"page","link":"https:\/\/medialjob.com\/en\/cookies\/","title":{"rendered":"Cookie-Richtlinien"},"content":{"rendered":"<div class=\"fusion-fullwidth fullwidth-box fusion-builder-row-1 fusion-flex-container nonhundred-percent-fullwidth non-hundred-percent-height-scrolling\" style=\"--awb-border-radius-top-left:0px;--awb-border-radius-top-right:0px;--awb-border-radius-bottom-right:0px;--awb-border-radius-bottom-left:0px;\" ><div class=\"fusion-builder-row fusion-row fusion-flex-align-items-flex-start\" style=\"max-width:1248px;margin-left: calc(-4% \/ 2 );margin-right: calc(-4% \/ 2 );\"><div class=\"fusion-layout-column fusion_builder_column fusion-builder-column-0 fusion_builder_column_1_1 1_1 fusion-flex-column\" style=\"--awb-bg-size:cover;--awb-width-large:100%;--awb-margin-top-large:0px;--awb-spacing-right-large:1.92%;--awb-margin-bottom-large:20px;--awb-spacing-left-large:1.92%;--awb-width-medium:100%;--awb-order-medium:0;--awb-spacing-right-medium:1.92%;--awb-spacing-left-medium:1.92%;--awb-width-small:100%;--awb-order-small:0;--awb-spacing-right-small:1.92%;--awb-spacing-left-small:1.92%;\"><div class=\"fusion-column-wrapper fusion-column-has-shadow fusion-flex-justify-content-flex-start fusion-content-layout-column\"><div class=\"fusion-text fusion-text-1\"><div id=\"comp-kq6qq8ja2\" class=\"comp-kq6qq8ja2 YzqVVZ wixui-column-strip__column\">\n<div class=\"\" data-mesh-id=\"comp-kq6qq8ja2inlineContent\" data-testid=\"inline-content\">\n<div data-mesh-id=\"comp-kq6qq8ja2inlineContent-gridContainer\" data-testid=\"mesh-container-content\">\n<div id=\"comp-kq6qq8jg1\" class=\"Z_l5lU ku3DBC zQ9jDz qvSjx3 Vq6kJx comp-kq6qq8jg1 wixui-rich-text\" data-testid=\"richTextElement\">\n<h3 class=\"font_3 wixui-rich-text__text\"><span class=\"wixui-rich-text__text\">Cookie-Richtlinien<\/span><\/h3>\n<p class=\"font_8 wixui-rich-text__text\">1. Was sind Cookies?<br class=\"wixui-rich-text__text\" \/>Cookies sind kleine Textdateien, die auf Ihrem Ger\u00e4t gespeichert werden, um Informationen zu speichern, die bei der Nutzung unserer Website helfen.<\/p>\n<p class=\"font_8 wixui-rich-text__text\">2. Verwendete Cookies<br class=\"wixui-rich-text__text\" \/>Wir verwenden Cookies zur Verbesserung der Benutzererfahrung und zur Analyse der Nutzung unserer Website. Dies umfasst sowohl tempor\u00e4re Cookies als auch dauerhafte Cookies.<\/p>\n<p class=\"font_8 wixui-rich-text__text\">3. Ihre Kontrolle \u00fcber Cookies<br class=\"wixui-rich-text__text\" \/>Sie k\u00f6nnen die Verwendung von Cookies in Ihrem Browser einstellen. Sie k\u00f6nnen Cookies l\u00f6schen oder deren Speicherung verhindern, jedoch kann dies die Funktionalit\u00e4t der Website beeintr\u00e4chtigen.<\/p>\n<p class=\"font_8 wixui-rich-text__text\">4. Zweck der Cookies<br class=\"wixui-rich-text__text\" \/>Cookies werden genutzt, um die Website-Nutzung zu analysieren, die Benutzererfahrung zu verbessern und gezielte Werbung anzuzeigen.<\/p>\n<p class=\"font_8 wixui-rich-text__text\">5. Zustimmung<br class=\"wixui-rich-text__text\" \/>Durch die Nutzung unserer Website stimmen Sie der Verwendung von Cookies zu.<\/p>\n<p class=\"font_8 wixui-rich-text__text\">\u00a0<\/p>\n<h3 class=\"font_3 wixui-rich-text__text\"><span class=\"wixui-rich-text__text\">Cookie-Einstellungen<\/span><\/h3>\n<p class=\"font_8 wixui-rich-text__text\">1. Einwilligung zur Nutzung von Cookies<br class=\"wixui-rich-text__text\" \/>Durch die Nutzung unserer Website erkl\u00e4ren Sie sich mit der Verwendung von Cookies gem\u00e4\u00df dieser Cookie-Richtlinie einverstanden.<\/p>\n<p class=\"font_8 wixui-rich-text__text\">2. Anpassung der Cookie-Einstellungen<br class=\"wixui-rich-text__text\" \/>Sie k\u00f6nnen Ihre Cookie-Einstellungen jederzeit \u00fcber die Cookie-Einstellungen auf der Website anpassen, um die Nutzung bestimmter Cookies zu deaktivieren.<\/p>\n<p class=\"font_8 wixui-rich-text__text\">3. Folgen der Deaktivierung von Cookies<br class=\"wixui-rich-text__text\" \/>Durch das Deaktivieren von Cookies k\u00f6nnen bestimmte Funktionen der Website eingeschr\u00e4nkt sein.<\/p>\n<\/div>\n<\/div>\n<\/div>\n<\/div>\n<div id=\"comp-kq6qq8je3\" class=\"comp-kq6qq8je3 YzqVVZ wixui-column-strip__column\">\n<div id=\"bgLayers_comp-kq6qq8je3\" class=\"MW5IWV\" data-hook=\"bgLayers\" data-motion-part=\"BG_LAYER comp-kq6qq8je3\">\n<div class=\"LWbAav Kv1aVt\" data-testid=\"colorUnderlay\">\u00a0<\/div>\n<div id=\"bgMedia_comp-kq6qq8je3\" class=\"VgO9Yg\" data-motion-part=\"BG_MEDIA comp-kq6qq8je3\">\u00a0<\/div>\n<\/div>\n<div class=\"\" data-mesh-id=\"comp-kq6qq8je3inlineContent\" data-testid=\"inline-content\">\n<div data-mesh-id=\"comp-kq6qq8je3inlineContent-gridContainer\" data-testid=\"mesh-container-content\">\u00a0<\/div>\n<\/div>\n<\/div>\n<div id=\"comp-kq6qq8jh3\" class=\"comp-kq6qq8jh3 YzqVVZ wixui-column-strip__column\">\n<div id=\"bgLayers_comp-kq6qq8jh3\" class=\"MW5IWV\" data-hook=\"bgLayers\" data-motion-part=\"BG_LAYER comp-kq6qq8jh3\">\u00a0<\/div>\n<\/div>\n<div>\u00a0<\/div>\n<\/div><\/div><\/div><\/div><\/div>","protected":false},"excerpt":{"rendered":"","protected":false},"author":1,"featured_media":0,"parent":0,"menu_order":0,"comment_status":"closed","ping_status":"closed","template":"","meta":{"_joinchat":[]},"yoast_head":"<!-- This site is optimized with the Yoast SEO plugin v20.4 - https:\/\/yoast.com\/wordpress\/plugins\/seo\/ -->\n<title>Cookie-Richtlinien - MedialJob<\/title>\n<meta name=\"description\" content=\"Site-ul nostru utilizeaza module cookie pentru a facilita navigarea cat mai fluenta pe site a vizitatorilor \u015fi pentru a eficientiza ...\" \/>\n<meta name=\"robots\" content=\"index, follow, max-snippet:-1, max-image-preview:large, max-video-preview:-1\" \/>\n<link rel=\"canonical\" href=\"https:\/\/medialjob.com\/en\/cookies\/\" \/>\n<meta property=\"og:locale\" content=\"en_US\" \/>\n<meta property=\"og:type\" content=\"article\" \/>\n<meta property=\"og:title\" content=\"Cookie-Richtlinien - MedialJob\" \/>\n<meta property=\"og:description\" content=\"Site-ul nostru utilizeaza module cookie pentru a facilita navigarea cat mai fluenta pe site a vizitatorilor \u015fi pentru a eficientiza ...\" \/>\n<meta property=\"og:url\" content=\"https:\/\/medialjob.com\/en\/cookies\/\" \/>\n<meta property=\"og:site_name\" content=\"MedialJob\" \/>\n<meta property=\"article:modified_time\" content=\"2025-08-05T09:46:17+00:00\" \/>\n<meta name=\"twitter:card\" content=\"summary_large_image\" \/>\n<meta name=\"twitter:label1\" content=\"Est. reading time\" \/>\n\t<meta name=\"twitter:data1\" content=\"5 minutes\" \/>\n<script type=\"application\/ld+json\" class=\"yoast-schema-graph\">{\"@context\":\"https:\/\/schema.org\",\"@graph\":[{\"@type\":\"WebPage\",\"@id\":\"https:\/\/medialjob.com\/cookies\/\",\"url\":\"https:\/\/medialjob.com\/cookies\/\",\"name\":\"Cookie-Richtlinien - MedialJob\",\"isPartOf\":{\"@id\":\"https:\/\/medialjob.com\/#website\"},\"datePublished\":\"2021-09-17T05:46:37+00:00\",\"dateModified\":\"2025-08-05T09:46:17+00:00\",\"description\":\"Site-ul nostru utilizeaza module cookie pentru a facilita navigarea cat mai fluenta pe site a vizitatorilor \u015fi pentru a eficientiza ...\",\"breadcrumb\":{\"@id\":\"https:\/\/medialjob.com\/cookies\/#breadcrumb\"},\"inLanguage\":\"en-US\",\"potentialAction\":[{\"@type\":\"ReadAction\",\"target\":[\"https:\/\/medialjob.com\/cookies\/\"]}]},{\"@type\":\"BreadcrumbList\",\"@id\":\"https:\/\/medialjob.com\/cookies\/#breadcrumb\",\"itemListElement\":[{\"@type\":\"ListItem\",\"position\":1,\"name\":\"Home\",\"item\":\"https:\/\/medialjob.com\/\"},{\"@type\":\"ListItem\",\"position\":2,\"name\":\"Cookie-Richtlinien\"}]},{\"@type\":\"WebSite\",\"@id\":\"https:\/\/medialjob.com\/#website\",\"url\":\"https:\/\/medialjob.com\/\",\"name\":\"MedialJob\",\"description\":\"\",\"potentialAction\":[{\"@type\":\"SearchAction\",\"target\":{\"@type\":\"EntryPoint\",\"urlTemplate\":\"https:\/\/medialjob.com\/?s={search_term_string}\"},\"query-input\":\"required name=search_term_string\"}],\"inLanguage\":\"en-US\"}]}<\/script>\n<!-- \/ Yoast SEO plugin. -->","yoast_head_json":{"title":"Cookie-Richtlinien - MedialJob","description":"Site-ul nostru utilizeaza module cookie pentru a facilita navigarea cat mai fluenta pe site a vizitatorilor \u015fi pentru a eficientiza ...","robots":{"index":"index","follow":"follow","max-snippet":"max-snippet:-1","max-image-preview":"max-image-preview:large","max-video-preview":"max-video-preview:-1"},"canonical":"https:\/\/medialjob.com\/en\/cookies\/","og_locale":"en_US","og_type":"article","og_title":"Cookie-Richtlinien - MedialJob","og_description":"Site-ul nostru utilizeaza module cookie pentru a facilita navigarea cat mai fluenta pe site a vizitatorilor \u015fi pentru a eficientiza ...","og_url":"https:\/\/medialjob.com\/en\/cookies\/","og_site_name":"MedialJob","article_modified_time":"2025-08-05T09:46:17+00:00","twitter_card":"summary_large_image","twitter_misc":{"Est. reading time":"5 minutes"},"schema":{"@context":"https:\/\/schema.org","@graph":[{"@type":"WebPage","@id":"https:\/\/medialjob.com\/cookies\/","url":"https:\/\/medialjob.com\/cookies\/","name":"Cookie-Richtlinien - MedialJob","isPartOf":{"@id":"https:\/\/medialjob.com\/#website"},"datePublished":"2021-09-17T05:46:37+00:00","dateModified":"2025-08-05T09:46:17+00:00","description":"Site-ul nostru utilizeaza module cookie pentru a facilita navigarea cat mai fluenta pe site a vizitatorilor \u015fi pentru a eficientiza ...","breadcrumb":{"@id":"https:\/\/medialjob.com\/cookies\/#breadcrumb"},"inLanguage":"en-US","potentialAction":[{"@type":"ReadAction","target":["https:\/\/medialjob.com\/cookies\/"]}]},{"@type":"BreadcrumbList","@id":"https:\/\/medialjob.com\/cookies\/#breadcrumb","itemListElement":[{"@type":"ListItem","position":1,"name":"Home","item":"https:\/\/medialjob.com\/"},{"@type":"ListItem","position":2,"name":"Cookie-Richtlinien"}]},{"@type":"WebSite","@id":"https:\/\/medialjob.com\/#website","url":"https:\/\/medialjob.com\/","name":"MedialJob","description":"","potentialAction":[{"@type":"SearchAction","target":{"@type":"EntryPoint","urlTemplate":"https:\/\/medialjob.com\/?s={search_term_string}"},"query-input":"required name=search_term_string"}],"inLanguage":"en-US"}]}},"_links":{"self":[{"href":"https:\/\/medialjob.com\/en\/wp-json\/wp\/v2\/pages\/45"}],"collection":[{"href":"https:\/\/medialjob.com\/en\/wp-json\/wp\/v2\/pages"}],"about":[{"href":"https:\/\/medialjob.com\/en\/wp-json\/wp\/v2\/types\/page"}],"author":[{"embeddable":true,"href":"https:\/\/medialjob.com\/en\/wp-json\/wp\/v2\/users\/1"}],"replies":[{"embeddable":true,"href":"https:\/\/medialjob.com\/en\/wp-json\/wp\/v2\/comments?post=45"}],"version-history":[{"count":6,"href":"https:\/\/medialjob.com\/en\/wp-json\/wp\/v2\/pages\/45\/revisions"}],"predecessor-version":[{"id":3577,"href":"https:\/\/medialjob.com\/en\/wp-json\/wp\/v2\/pages\/45\/revisions\/3577"}],"wp:attachment":[{"href":"https:\/\/medialjob.com\/en\/wp-json\/wp\/v2\/media?parent=45"}],"curies":[{"name":"wp","href":"https:\/\/api.w.org\/{rel}","templated":true}]}}